{"id":574,"date":"2026-04-23T11:11:46","date_gmt":"2026-04-23T14:11:46","guid":{"rendered":"https:\/\/digicomhub.com.br\/?page_id=574"},"modified":"2026-04-23T11:43:14","modified_gmt":"2026-04-23T14:43:14","slug":"mentorias","status":"publish","type":"page","link":"https:\/\/digicomhub.com.br\/index.php\/mentorias\/","title":{"rendered":"Mentorias"},"content":{"rendered":"<div data-colibri-id=\"574-c1\" class=\"style-685 style-local-574-c1 position-relative\">\n  <!---->\n  <div data-colibri-component=\"section\" data-colibri-id=\"574-c2\" id=\"custom\" class=\"h-section h-section-global-spacing d-flex align-items-lg-center align-items-md-center align-items-center style-686 style-local-574-c2 position-relative\">\n    <!---->\n    <!---->\n    <div class=\"h-section-grid-container h-section-boxed-container\">\n      <!---->\n      <div data-colibri-id=\"574-c5\" class=\"h-row-container gutters-row-lg-2 gutters-row-md-2 gutters-row-0 gutters-row-v-lg-2 gutters-row-v-md-2 gutters-row-v-2 style-689 style-local-574-c5 position-relative\">\n        <!---->\n        <div class=\"h-row justify-content-lg-center justify-content-md-center justify-content-center align-items-lg-stretch align-items-md-stretch align-items-stretch gutters-col-lg-2 gutters-col-md-2 gutters-col-0 gutters-col-v-lg-2 gutters-col-v-md-2 gutters-col-v-2\">\n          <!---->\n          <div class=\"h-column h-column-container d-flex h-col-lg-auto h-col-md-auto h-col-auto style-690-outer style-local-574-c6-outer\">\n            <div data-colibri-id=\"574-c6\" class=\"d-flex h-flex-basis h-column__inner h-px-lg-2 h-px-md-2 h-px-2 v-inner-lg-2 v-inner-md-2 v-inner-2 style-690 style-local-574-c6 position-relative\">\n              <!---->\n              <!---->\n              <div class=\"w-100 h-y-container h-column__content h-column__v-align flex-basis-100 align-self-lg-start align-self-md-start align-self-start\">\n                <!---->\n                <div data-colibri-id=\"574-c7\" class=\"h-text h-text-component style-691 style-local-574-c7 position-relative h-element\">\n                  <!---->\n                  <!---->\n                  <div class=\"\">\n                    <p>MENTORIA 1: \u201cDesenvolvimento de eSports atrav\u00e9s de Pol\u00edticas P\u00fablicas\u201d \u00e9 uma solu\u00e7\u00e3o pr\u00e1tica e estrat\u00e9gica voltada para pessoas que desejam estruturar, implementar e fortalecer o cen\u00e1rio de esportes eletr\u00f4nicos em suas cidades e estados.\n                      Mais do que ensinar a organizar campeonatos, o conte\u00fado orienta sobre como transformar os eSports em uma pol\u00edtica p\u00fablica efetiva, capaz de gerar impacto social, educacional e econ\u00f4mico.<\/p>\n                    <p>Ao longo do programa, o participante aprende a dialogar com o poder p\u00fablico, construir projetos consistentes, acessar editais, estruturar ligas e eventos, al\u00e9m de criar iniciativas que envolvam escolas, juventude e comunidade. Tamb\u00e9m\n                      aborda caminhos para capta\u00e7\u00e3o de recursos, forma\u00e7\u00e3o de talentos e desenvolvimento de a\u00e7\u00f5es cont\u00ednuas, garantindo que o projeto v\u00e1 al\u00e9m de eventos pontuais.<\/p>\n                    <p>A proposta \u00e9 formar l\u00edderes e agentes de transforma\u00e7\u00e3o, capazes de se posicionar como refer\u00eancia em suas regi\u00f5es, gerando autoridade no setor e ampliando oportunidades locais dentro da economia criativa e digital. Ao dominar esse conhecimento,\n                      o participante passa a atuar n\u00e3o apenas como organizador, mas como articulador de um ecossistema de eSports sustent\u00e1vel, conectando mercado, educa\u00e7\u00e3o e pol\u00edticas p\u00fablicas.<\/p>\n                    <p>Uma ferramenta de capacita\u00e7\u00e3o e posicionamento, permitindo que novas lideran\u00e7as levem os esportes eletr\u00f4nicos para suas cidades com estrutura, impacto e reconhecimento.<\/p>\n                  <\/div>\n                <\/div>\n              <\/div>\n            <\/div>\n          <\/div>\n        <\/div>\n      <\/div>\n      <div data-colibri-id=\"574-c3\" class=\"h-row-container gutters-row-lg-2 gutters-row-md-2 gutters-row-0 gutters-row-v-lg-2 gutters-row-v-md-2 gutters-row-v-2 style-687 style-local-574-c3 position-relative\">\n        <!---->\n        <div class=\"h-row justify-content-lg-center justify-content-md-center justify-content-center align-items-lg-stretch align-items-md-stretch align-items-stretch gutters-col-lg-2 gutters-col-md-2 gutters-col-0 gutters-col-v-lg-2 gutters-col-v-md-2 gutters-col-v-2\">\n          <!---->\n          <div class=\"h-column h-column-container d-flex h-col-lg-auto h-col-md-auto h-col-auto style-688-outer style-local-574-c4-outer\">\n            <div data-colibri-id=\"574-c4\" class=\"d-flex h-flex-basis h-column__inner h-px-lg-2 h-px-md-2 h-px-2 v-inner-lg-2 v-inner-md-2 v-inner-2 style-688 style-local-574-c4 position-relative\">\n              <!---->\n              <!---->\n              <div class=\"w-100 h-y-container h-column__content h-column__v-align flex-basis-100 align-self-lg-start align-self-md-start align-self-start\">\n                <!---->\n                <div data-colibri-id=\"574-c8\" class=\"h-text h-text-component style-692 style-local-574-c8 position-relative h-element\">\n                  <!---->\n                  <!---->\n                  <div class=\"\">\n                    <p>MENTORIA 2: A Mentoria Pro Player \u00e9 desenvolvido para jogadores que desejam ir al\u00e9m do n\u00edvel casual e se destacar de forma profissional no cen\u00e1rio de esportes eletr\u00f4nicos. Mais do que ensinar mec\u00e2nicas de jogo, a mentoria trabalha\n                      o desenvolvimento completo do atleta, focando em <strong>posicionamento, comportamento e mentalidade de alto rendimento<\/strong>.<\/p>\n                    <p>O programa parte do princ\u00edpio de que o sucesso nos eSports n\u00e3o depende apenas de habilidade t\u00e9cnica, mas de um conjunto de fatores que envolvem disciplina, intelig\u00eancia emocional, comunica\u00e7\u00e3o e constru\u00e7\u00e3o de imagem. Ao longo da mentoria,\n                      os participantes s\u00e3o guiados em uma jornada de evolu\u00e7\u00e3o que prepara n\u00e3o apenas jogadores, mas profissionais prontos para o mercado competitivo.<\/p>\n                    <p>Os conte\u00fados abordam desde a constru\u00e7\u00e3o de identidade no cen\u00e1rio gamer \u2014 incluindo presen\u00e7a nas redes sociais e postura como atleta \u2014 at\u00e9 o desenvolvimento de uma mentalidade focada em performance, resili\u00eancia e consist\u00eancia. Tamb\u00e9m\n                      s\u00e3o trabalhados aspectos comportamentais essenciais, como trabalho em equipe, lideran\u00e7a, controle emocional e tomada de decis\u00e3o sob press\u00e3o.<\/p>\n                    <p>Al\u00e9m disso, a mentoria orienta sobre como se posicionar estrategicamente para oportunidades no mercado, seja em equipes, competi\u00e7\u00f5es ou como criador de conte\u00fado, ampliando as possibilidades de carreira dentro do ecossistema dos games.<\/p>\n                    <p>A Mentoria Pro Player se consolida como uma ferramenta de acelera\u00e7\u00e3o de talentos, formando jogadores mais preparados, confiantes e alinhados com as exig\u00eancias do cen\u00e1rio profissional, transformando potencial em resultado real. <\/p>\n                  <\/div>\n                <\/div>\n              <\/div>\n            <\/div>\n          <\/div>\n        <\/div>\n      <\/div>\n    <\/div>\n  <\/div>\n  <div data-colibri-component=\"section\" data-colibri-id=\"574-c9\" id=\"custom-2\" class=\"h-section h-section-global-spacing d-flex align-items-lg-center align-items-md-center align-items-center style-693 style-local-574-c9 position-relative\">\n    <!---->\n    <!---->\n    <div class=\"h-section-grid-container h-section-boxed-container\">\n      <!---->\n      <div data-colibri-id=\"574-c12\" class=\"h-row-container gutters-row-lg-2 gutters-row-md-2 gutters-row-0 gutters-row-v-lg-2 gutters-row-v-md-2 gutters-row-v-2 style-696 style-local-574-c12 position-relative\">\n        <!---->\n        <div class=\"h-row justify-content-lg-center justify-content-md-center justify-content-center align-items-lg-stretch align-items-md-stretch align-items-stretch gutters-col-lg-2 gutters-col-md-2 gutters-col-0 gutters-col-v-lg-2 gutters-col-v-md-2 gutters-col-v-2\">\n          <!---->\n          <div class=\"h-column h-column-container d-flex h-col-lg-auto h-col-md-auto h-col-auto style-697-outer style-local-574-c13-outer\">\n            <div data-colibri-id=\"574-c13\" class=\"d-flex h-flex-basis h-column__inner h-px-lg-2 h-px-md-2 h-px-2 v-inner-lg-2 v-inner-md-2 v-inner-2 style-697 style-local-574-c13 position-relative\">\n              <!---->\n              <!---->\n              <div class=\"w-100 h-y-container h-column__content h-column__v-align flex-basis-100 align-self-lg-start align-self-md-start align-self-start\">\n                <!---->\n                <div data-colibri-id=\"574-c14\" class=\"h-text h-text-component style-698 style-local-574-c14 position-relative h-element\">\n                  <!---->\n                  <!---->\n                  <div class=\"\">\n                    <p>ENTRE EM CONTATO PARA SABER MAIS E ADQUIRIR SUA MENTORIA:\n                      <br>\n                      <br>\n                    <\/p>\n                  <\/div>\n                <\/div>\n                <div data-colibri-id=\"574-c15\" class=\"h-x-container style-699 style-local-574-c15 position-relative h-element\">\n                  <!---->\n                  <div class=\"h-x-container-inner style-dynamic-574-c15-group style-699-spacing style-local-574-c15-spacing\"><span class=\"h-button__outer style-700-outer style-local-574-c16-outer d-inline-flex h-element\"><a h-use-smooth-scroll=\"true\" href=\"https:\/\/w.app\/vckgnz\"  data-colibri-id=\"574-c16\" class=\"d-flex w-100 align-items-center h-button justify-content-lg-center justify-content-md-center justify-content-center style-700 style-local-574-c16 position-relative\"><!----><!----> <span>ENTRE EM CONTATO<\/span><\/a>\n                    <\/span>\n                  <\/div>\n                <\/div>\n              <\/div>\n            <\/div>\n          <\/div>\n        <\/div>\n      <\/div>\n      <div data-colibri-id=\"574-c10\" class=\"h-row-container gutters-row-lg-2 gutters-row-md-2 gutters-row-0 gutters-row-v-lg-2 gutters-row-v-md-2 gutters-row-v-2 style-694 style-local-574-c10 position-relative\">\n        <!---->\n        <div class=\"h-row justify-content-lg-center justify-content-md-center justify-content-center align-items-lg-stretch align-items-md-stretch align-items-stretch gutters-col-lg-2 gutters-col-md-2 gutters-col-0 gutters-col-v-lg-2 gutters-col-v-md-2 gutters-col-v-2\">\n          <!---->\n          <div class=\"h-column h-column-container d-flex h-col-lg-auto h-col-md-auto h-col-auto style-695-outer style-local-574-c11-outer\">\n            <div data-colibri-id=\"574-c11\" class=\"d-flex h-flex-basis h-column__inner h-ui-empty-state-container h-px-lg-2 h-px-md-2 h-px-2 v-inner-lg-2 v-inner-md-2 v-inner-2 style-695 style-local-574-c11 position-relative\">\n              <!---->\n              <!---->\n              <div class=\"w-100 h-y-container h-column__content h-column__v-align flex-basis-100\">\n                <!---->\n              <\/div>\n            <\/div>\n          <\/div>\n        <\/div>\n      <\/div>\n    <\/div>\n  <\/div>\n<\/div>","protected":false},"excerpt":{"rendered":"<p>MENTORIA 1: \u201cDesenvolvimento de eSports atrav\u00e9s de Pol\u00edticas P\u00fablicas\u201d \u00e9 uma solu\u00e7\u00e3o pr\u00e1tica e estrat\u00e9gica voltada para pessoas que desejam estruturar, implementar e fortalecer o cen\u00e1rio de esportes eletr\u00f4nicos em suas cidades e estados. Mais do que ensinar a organizar campeonatos, o conte\u00fado orienta sobre como transformar os eSports em uma pol\u00edtica p\u00fablica efetiva, capaz [&hellip;]<\/p>\n","protected":false},"author":1,"featured_media":0,"parent":0,"menu_order":0,"comment_status":"closed","ping_status":"closed","template":"page-templates\/full-width-page.php","meta":{"footnotes":""},"class_list":["post-574","page","type-page","status-publish","hentry"],"_links":{"self":[{"href":"https:\/\/digicomhub.com.br\/index.php\/wp-json\/wp\/v2\/pages\/574","targetHints":{"allow":["GET"]}}],"collection":[{"href":"https:\/\/digicomhub.com.br\/index.php\/wp-json\/wp\/v2\/pages"}],"about":[{"href":"https:\/\/digicomhub.com.br\/index.php\/wp-json\/wp\/v2\/types\/page"}],"author":[{"embeddable":true,"href":"https:\/\/digicomhub.com.br\/index.php\/wp-json\/wp\/v2\/users\/1"}],"replies":[{"embeddable":true,"href":"https:\/\/digicomhub.com.br\/index.php\/wp-json\/wp\/v2\/comments?post=574"}],"version-history":[{"count":2,"href":"https:\/\/digicomhub.com.br\/index.php\/wp-json\/wp\/v2\/pages\/574\/revisions"}],"predecessor-version":[{"id":579,"href":"https:\/\/digicomhub.com.br\/index.php\/wp-json\/wp\/v2\/pages\/574\/revisions\/579"}],"wp:attachment":[{"href":"https:\/\/digicomhub.com.br\/index.php\/wp-json\/wp\/v2\/media?parent=574"}],"curies":[{"name":"wp","href":"https:\/\/api.w.org\/{rel}","templated":true}]}}