{"id":510,"date":"2026-02-27T20:22:56","date_gmt":"2026-02-27T23:22:56","guid":{"rendered":"https:\/\/digicomhub.com.br\/?page_id=510"},"modified":"2026-02-27T21:18:04","modified_gmt":"2026-02-28T00:18:04","slug":"lbc","status":"publish","type":"page","link":"https:\/\/digicomhub.com.br\/index.php\/lbc\/","title":{"rendered":"LBC"},"content":{"rendered":"<div data-colibri-id=\"510-c1\" class=\"style-659 style-local-510-c1 position-relative\">\n  <!---->\n  <div data-colibri-component=\"section\" data-colibri-id=\"510-c2\" id=\"custom\" class=\"h-section h-section-global-spacing d-flex align-items-lg-center align-items-md-center align-items-center style-660 style-local-510-c2 position-relative\">\n    <!---->\n    <!---->\n    <div class=\"h-section-grid-container h-section-boxed-container\">\n      <!---->\n      <div data-colibri-id=\"510-c5\" class=\"h-row-container gutters-row-lg-2 gutters-row-md-2 gutters-row-0 gutters-row-v-lg-2 gutters-row-v-md-2 gutters-row-v-2 style-664 style-local-510-c5 position-relative\">\n        <!---->\n        <div class=\"h-row justify-content-lg-center justify-content-md-center justify-content-center align-items-lg-stretch align-items-md-stretch align-items-stretch gutters-col-lg-2 gutters-col-md-2 gutters-col-0 gutters-col-v-lg-2 gutters-col-v-md-2 gutters-col-v-2\">\n          <!---->\n          <div class=\"h-column h-column-container d-flex h-col-lg-auto h-col-md-auto h-col-auto style-665-outer style-local-510-c6-outer\">\n            <div data-colibri-id=\"510-c6\" class=\"d-flex h-flex-basis h-column__inner h-px-lg-2 h-px-md-2 h-px-2 v-inner-lg-2 v-inner-md-2 v-inner-2 style-665 style-local-510-c6 position-relative\">\n              <!---->\n              <!---->\n              <div class=\"w-100 h-y-container h-column__content h-column__v-align flex-basis-100 align-self-lg-start align-self-md-start align-self-start\">\n                <!---->\n                <div data-colibri-id=\"510-c7\" class=\"d-block style-666 style-local-510-c7 position-relative h-element\">\n                  <!---->\n                  <div class=\"h-image__frame-container-outer\">\n                    <div class=\"h-image__frame-container\">\n                      <!---->\n                      <!---->\n                      <img fetchpriority=\"high\" decoding=\"async\" width=\"900\" height=\"900\" src=\"https:\/\/digicomhub.com.br\/wp-content\/uploads\/2026\/02\/cropped-Design-sem-nome-10.png\" class=\"wp-image-517 style-666-image style-local-510-c7-image\" alt=\"\" srcset=\"https:\/\/digicomhub.com.br\/wp-content\/uploads\/2026\/02\/cropped-Design-sem-nome-10.png 900w, https:\/\/digicomhub.com.br\/wp-content\/uploads\/2026\/02\/cropped-Design-sem-nome-10-300x300.png 300w, https:\/\/digicomhub.com.br\/wp-content\/uploads\/2026\/02\/cropped-Design-sem-nome-10-150x150.png 150w, https:\/\/digicomhub.com.br\/wp-content\/uploads\/2026\/02\/cropped-Design-sem-nome-10-768x768.png 768w\" sizes=\"(max-width: 900px) 100vw, 900px\" \/>\n                      <div class=\"h-image__frame h-hide-lg h-hide-md h-hide-sm style-666-frameImage style-local-510-c7-frameImage\"><\/div>\n                    <\/div>\n                  <\/div>\n                <\/div>\n              <\/div>\n            <\/div>\n          <\/div>\n        <\/div>\n      <\/div>\n      <div data-colibri-id=\"510-c3\" class=\"h-row-container gutters-row-lg-2 gutters-row-md-2 gutters-row-0 gutters-row-v-lg-2 gutters-row-v-md-2 gutters-row-v-2 style-661 style-local-510-c3 position-relative\">\n        <!---->\n        <div class=\"h-row justify-content-lg-center justify-content-md-center justify-content-center align-items-lg-stretch align-items-md-stretch align-items-stretch gutters-col-lg-2 gutters-col-md-2 gutters-col-0 gutters-col-v-lg-2 gutters-col-v-md-2 gutters-col-v-2\">\n          <!---->\n          <div class=\"h-column h-column-container d-flex h-col-lg-auto h-col-md-auto h-col-auto style-662-outer style-local-510-c4-outer\">\n            <div data-colibri-id=\"510-c4\" class=\"d-flex h-flex-basis h-column__inner h-px-lg-2 h-px-md-2 h-px-2 v-inner-lg-2 v-inner-md-2 v-inner-2 style-662 style-local-510-c4 position-relative\">\n              <!---->\n              <!---->\n              <div class=\"w-100 h-y-container h-column__content h-column__v-align flex-basis-100 align-self-lg-start align-self-md-start align-self-start\">\n                <!---->\n                <div data-colibri-id=\"510-c9\" class=\"d-block style-668 style-local-510-c9 position-relative h-element\">\n                  <!---->\n                  <div class=\"h-image__frame-container-outer\">\n                    <div class=\"h-image__frame-container\">\n                      <!---->\n                      <!---->\n                      <img decoding=\"async\" width=\"1944\" height=\"1296\" src=\"https:\/\/digicomhub.com.br\/wp-content\/uploads\/2026\/02\/48052381_1168863629945617_8171657760086163456_n.jpg\" class=\"wp-image-488 style-668-image style-local-510-c9-image\" alt=\"\" srcset=\"https:\/\/digicomhub.com.br\/wp-content\/uploads\/2026\/02\/48052381_1168863629945617_8171657760086163456_n.jpg 1944w, https:\/\/digicomhub.com.br\/wp-content\/uploads\/2026\/02\/48052381_1168863629945617_8171657760086163456_n-300x200.jpg 300w, https:\/\/digicomhub.com.br\/wp-content\/uploads\/2026\/02\/48052381_1168863629945617_8171657760086163456_n-1024x683.jpg 1024w, https:\/\/digicomhub.com.br\/wp-content\/uploads\/2026\/02\/48052381_1168863629945617_8171657760086163456_n-768x512.jpg 768w, https:\/\/digicomhub.com.br\/wp-content\/uploads\/2026\/02\/48052381_1168863629945617_8171657760086163456_n-1536x1024.jpg 1536w\" sizes=\"(max-width: 1944px) 100vw, 1944px\" \/>\n                      <div class=\"h-image__frame h-hide-lg h-hide-md h-hide-sm style-668-frameImage style-local-510-c9-frameImage\"><\/div>\n                    <\/div>\n                  <\/div>\n                <\/div>\n                <div data-colibri-id=\"510-c15\" class=\"h-text h-text-component style-674 style-local-510-c15 position-relative h-element\">\n                  <!---->\n                  <!---->\n                  <div class=\"\">\n                    <p><span style=\"font-weight: 400; font-size: 16px; font-family: &quot;Open Sans&quot;; color: rgb(70, 112, 127);\">S\u00c9RIE A \u2013 LBC \u2013 DATAS:<\/span>\n                      <br><span style=\"font-weight: 400; font-size: 16px; font-family: &quot;Open Sans&quot;; color: rgb(70, 112, 127);\">Abril: S\u00e1bados \u2013 <\/span><\/p>\n                    <p><span style=\"font-weight: 400; font-size: 16px; font-family: &quot;Open Sans&quot;; color: rgb(70, 112, 127);\">A partir das 13h00<\/span>\n                      <br>\n                      <br><span style=\"font-weight: 400; font-size: 16px; font-family: &quot;Open Sans&quot;; color: rgb(70, 112, 127);\">Competi\u00e7\u00e3o online<\/span>\n                      <br>Final presencial\n                      <br>\n                      <br><span style=\"font-weight: 400; font-size: 16px; font-family: &quot;Open Sans&quot;; color: rgb(70, 112, 127);\">Inscri\u00e7\u00e3o: R$50,00 por jogador.<\/span><\/p>\n                  <\/div>\n                <\/div>\n              <\/div>\n            <\/div>\n          <\/div>\n        <\/div>\n      <\/div>\n      <div data-colibri-id=\"510-c11\" class=\"h-row-container gutters-row-lg-2 gutters-row-md-2 gutters-row-0 gutters-row-v-lg-2 gutters-row-v-md-2 gutters-row-v-2 style-670 style-local-510-c11 position-relative\">\n        <!---->\n        <div class=\"h-row justify-content-lg-center justify-content-md-center justify-content-center align-items-lg-stretch align-items-md-stretch align-items-stretch gutters-col-lg-2 gutters-col-md-2 gutters-col-0 gutters-col-v-lg-2 gutters-col-v-md-2 gutters-col-v-2\">\n          <!---->\n          <div class=\"h-column h-column-container d-flex h-col-lg-auto h-col-md-auto h-col-auto style-671-outer style-local-510-c12-outer\">\n            <div data-colibri-id=\"510-c12\" class=\"d-flex h-flex-basis h-column__inner h-px-lg-2 h-px-md-2 h-px-2 v-inner-lg-2 v-inner-md-2 v-inner-2 style-671 style-local-510-c12 position-relative\">\n              <!---->\n              <!---->\n              <div class=\"w-100 h-y-container h-column__content h-column__v-align flex-basis-100 align-self-lg-start align-self-md-start align-self-start\">\n                <!---->\n                <div data-colibri-id=\"510-c13\" class=\"d-block style-672 style-local-510-c13 position-relative h-element\">\n                  <!---->\n                  <div class=\"h-image__frame-container-outer\">\n                    <div class=\"h-image__frame-container\">\n                      <!---->\n                      <!---->\n                      <img decoding=\"async\" width=\"1726\" height=\"792\" src=\"https:\/\/digicomhub.com.br\/wp-content\/uploads\/2026\/02\/cropped-Captura-de-Tela-2026-02-27-as-20.40.12.png\" class=\"wp-image-519 style-672-image style-local-510-c13-image\" alt=\"\" srcset=\"https:\/\/digicomhub.com.br\/wp-content\/uploads\/2026\/02\/cropped-Captura-de-Tela-2026-02-27-as-20.40.12.png 1726w, https:\/\/digicomhub.com.br\/wp-content\/uploads\/2026\/02\/cropped-Captura-de-Tela-2026-02-27-as-20.40.12-300x138.png 300w, https:\/\/digicomhub.com.br\/wp-content\/uploads\/2026\/02\/cropped-Captura-de-Tela-2026-02-27-as-20.40.12-1024x470.png 1024w, https:\/\/digicomhub.com.br\/wp-content\/uploads\/2026\/02\/cropped-Captura-de-Tela-2026-02-27-as-20.40.12-768x352.png 768w, https:\/\/digicomhub.com.br\/wp-content\/uploads\/2026\/02\/cropped-Captura-de-Tela-2026-02-27-as-20.40.12-1536x705.png 1536w\" sizes=\"(max-width: 1726px) 100vw, 1726px\" \/>\n                      <div class=\"h-image__frame h-hide-lg h-hide-md h-hide-sm style-672-frameImage style-local-510-c13-frameImage\"><\/div>\n                    <\/div>\n                  <\/div>\n                <\/div>\n                <div data-colibri-id=\"510-c16\" class=\"h-text h-text-component style-675 style-local-510-c16 position-relative h-element\">\n                  <!---->\n                  <!---->\n                  <div class=\"\">\n                    <p><span style=\"color: rgb(70, 112, 127); font-family: &quot;Open Sans&quot;; font-size: 16px; font-weight: 400;\">S\u00c9RIE A \u2013 LBC\u2013 DATAS:<\/span>\n                      <br><span style=\"color: rgb(70, 112, 127); font-family: &quot;Open Sans&quot;; font-size: 16px; font-weight: 400;\">Abril: Domingos \u2013 <\/span>\n                      <br><span style=\"color: rgb(70, 112, 127); font-family: &quot;Open Sans&quot;; font-size: 16px; font-weight: 400;\">A partir das 13h00<\/span>\n                      <br>\n                      <br><span style=\"color: rgb(70, 112, 127); font-family: &quot;Open Sans&quot;; font-size: 16px; font-weight: 400;\">Competi\u00e7\u00e3o online<\/span>\n                      <br>Final presencial\n                      <br>\n                      <br><span style=\"color: rgb(70, 112, 127); font-family: &quot;Open Sans&quot;; font-size: 16px; font-weight: 400;\">Inscri\u00e7\u00e3o: R$50,00 por jogador.<\/span><\/p>\n                  <\/div>\n                <\/div>\n              <\/div>\n            <\/div>\n          <\/div>\n        <\/div>\n      <\/div>\n    <\/div>\n  <\/div>\n<\/div>","protected":false},"excerpt":{"rendered":"<p>S\u00c9RIE A \u2013 LBC \u2013 DATAS: Abril: S\u00e1bados \u2013 A partir das 13h00 Competi\u00e7\u00e3o online Final presencial Inscri\u00e7\u00e3o: R$50,00 por jogador. S\u00c9RIE A \u2013 LBC\u2013 DATAS: Abril: Domingos \u2013 A partir das 13h00 Competi\u00e7\u00e3o online Final presencial Inscri\u00e7\u00e3o: R$50,00 por jogador.<\/p>\n","protected":false},"author":1,"featured_media":0,"parent":0,"menu_order":0,"comment_status":"closed","ping_status":"closed","template":"page-templates\/full-width-page.php","meta":{"footnotes":""},"class_list":["post-510","page","type-page","status-publish","hentry"],"_links":{"self":[{"href":"https:\/\/digicomhub.com.br\/index.php\/wp-json\/wp\/v2\/pages\/510","targetHints":{"allow":["GET"]}}],"collection":[{"href":"https:\/\/digicomhub.com.br\/index.php\/wp-json\/wp\/v2\/pages"}],"about":[{"href":"https:\/\/digicomhub.com.br\/index.php\/wp-json\/wp\/v2\/types\/page"}],"author":[{"embeddable":true,"href":"https:\/\/digicomhub.com.br\/index.php\/wp-json\/wp\/v2\/users\/1"}],"replies":[{"embeddable":true,"href":"https:\/\/digicomhub.com.br\/index.php\/wp-json\/wp\/v2\/comments?post=510"}],"version-history":[{"count":2,"href":"https:\/\/digicomhub.com.br\/index.php\/wp-json\/wp\/v2\/pages\/510\/revisions"}],"predecessor-version":[{"id":521,"href":"https:\/\/digicomhub.com.br\/index.php\/wp-json\/wp\/v2\/pages\/510\/revisions\/521"}],"wp:attachment":[{"href":"https:\/\/digicomhub.com.br\/index.php\/wp-json\/wp\/v2\/media?parent=510"}],"curies":[{"name":"wp","href":"https:\/\/api.w.org\/{rel}","templated":true}]}}