{"id":469,"date":"2026-02-09T19:20:52","date_gmt":"2026-02-09T22:20:52","guid":{"rendered":"https:\/\/digicomhub.com.br\/?page_id=469"},"modified":"2026-04-05T21:24:27","modified_gmt":"2026-04-06T00:24:27","slug":"lpm","status":"publish","type":"page","link":"https:\/\/digicomhub.com.br\/index.php\/lpm\/","title":{"rendered":"LPM"},"content":{"rendered":"<div data-colibri-id=\"469-c1\" class=\"style-640 style-local-469-c1 position-relative\">\n  <!---->\n  <div data-colibri-component=\"section\" data-colibri-id=\"469-c2\" id=\"custom\" class=\"h-section h-section-global-spacing d-flex align-items-lg-center align-items-md-center align-items-center style-641 style-local-469-c2 position-relative\">\n    <!---->\n    <!---->\n    <div class=\"h-section-grid-container h-section-boxed-container\">\n      <!---->\n      <div data-colibri-id=\"469-c3\" class=\"h-row-container gutters-row-lg-2 gutters-row-md-2 gutters-row-0 gutters-row-v-lg-2 gutters-row-v-md-2 gutters-row-v-2 style-642 style-local-469-c3 position-relative\">\n        <!---->\n        <div class=\"h-row justify-content-lg-center justify-content-md-center justify-content-center align-items-lg-stretch align-items-md-stretch align-items-stretch gutters-col-lg-2 gutters-col-md-2 gutters-col-0 gutters-col-v-lg-2 gutters-col-v-md-2 gutters-col-v-2\">\n          <!---->\n          <div class=\"h-column h-column-container d-flex h-col-lg-auto h-col-md-auto h-col-auto style-643-outer style-local-469-c4-outer\">\n            <div data-colibri-id=\"469-c4\" class=\"d-flex h-flex-basis h-column__inner h-px-lg-2 h-px-md-2 h-px-2 v-inner-lg-2 v-inner-md-2 v-inner-2 style-643 style-local-469-c4 position-relative\">\n              <!---->\n              <!---->\n              <div class=\"w-100 h-y-container h-column__content h-column__v-align flex-basis-100 align-self-lg-start align-self-md-start align-self-start\">\n                <!---->\n                <div data-colibri-id=\"469-c5\" class=\"h-text h-text-component style-649 style-local-469-c5 position-relative h-element\">\n                  <!---->\n                  <!---->\n                  <div class=\"\">\n                    <p>League of Legends<\/p>\n                  <\/div>\n                <\/div>\n                <div data-colibri-id=\"469-c6\" class=\"d-block style-645 style-local-469-c6 position-relative h-element\">\n                  <!---->\n                  <div class=\"h-image__frame-container-outer\">\n                    <div class=\"h-image__frame-container\">\n                      <!---->\n                      <!---->\n                      <img fetchpriority=\"high\" decoding=\"async\" width=\"1944\" height=\"1296\" src=\"https:\/\/digicomhub.com.br\/wp-content\/uploads\/2026\/02\/48052381_1168863629945617_8171657760086163456_n.jpg\" class=\"wp-image-488 style-645-image style-local-469-c6-image\" alt=\"\" srcset=\"https:\/\/digicomhub.com.br\/wp-content\/uploads\/2026\/02\/48052381_1168863629945617_8171657760086163456_n.jpg 1944w, https:\/\/digicomhub.com.br\/wp-content\/uploads\/2026\/02\/48052381_1168863629945617_8171657760086163456_n-300x200.jpg 300w, https:\/\/digicomhub.com.br\/wp-content\/uploads\/2026\/02\/48052381_1168863629945617_8171657760086163456_n-1024x683.jpg 1024w, https:\/\/digicomhub.com.br\/wp-content\/uploads\/2026\/02\/48052381_1168863629945617_8171657760086163456_n-768x512.jpg 768w, https:\/\/digicomhub.com.br\/wp-content\/uploads\/2026\/02\/48052381_1168863629945617_8171657760086163456_n-1536x1024.jpg 1536w\" sizes=\"(max-width: 1944px) 100vw, 1944px\" \/>\n                      <div class=\"h-image__frame h-hide-lg h-hide-md h-hide-sm style-645-frameImage style-local-469-c6-frameImage\"><\/div>\n                    <\/div>\n                  <\/div>\n                <\/div>\n                <div data-colibri-id=\"469-c7\" class=\"h-text h-text-component style-647 style-local-469-c7 position-relative h-element\">\n                  <!---->\n                  <!---->\n                  <div class=\"\">\n                    <p>S\u00c9RIE A &#8211; LPM &#8211; DATAS:\n                      <br>Abril:\n                      <br>25 (S\u00e1bado)\n                      <br>A partir das 13h00\n                      <br>\n                      <br>Inscri\u00e7\u00e3o: R$20,00 por jogador.<\/p>\n                  <\/div>\n                <\/div>\n                <div data-colibri-id=\"469-c8\" class=\"h-x-container style-651 style-local-469-c8 position-relative h-element\">\n                  <!---->\n                  <div class=\"h-x-container-inner style-dynamic-469-c8-group style-651-spacing style-local-469-c8-spacing\"><span class=\"h-button__outer style-652-outer style-local-469-c9-outer d-inline-flex h-element\"><a h-use-smooth-scroll=\"true\" href=\"https:\/\/usuario.digicomhub.com.br\/campeonatos\/publico\/6334a37e-2b9a-4896-9c70-6f13162d8387\"  data-colibri-id=\"469-c9\" class=\"d-flex w-100 align-items-center h-button justify-content-lg-center justify-content-md-center justify-content-center style-652 style-local-469-c9 position-relative\"><!----><!----> <span>INSCREVA-SE<\/span><\/a>\n                    <\/span>\n                  <\/div>\n                <\/div>\n                <div data-colibri-id=\"469-c10\" class=\"h-x-container style-655 style-local-469-c10 position-relative h-element\">\n                  <!---->\n                  <div class=\"h-x-container-inner style-dynamic-469-c10-group style-655-spacing style-local-469-c10-spacing\"><span class=\"h-button__outer style-656-outer style-local-469-c11-outer d-inline-flex h-element\"><a h-use-smooth-scroll=\"true\" href=\"https:\/\/docs.google.com\/presentation\/d\/1zRVvUM7n4Mfr1usWU4zPcnOO2ePYEWb_GrQFsNlEuMU\/edit?usp=sharing\"  data-colibri-id=\"469-c11\" class=\"d-flex w-100 align-items-center h-button justify-content-lg-center justify-content-md-center justify-content-center style-656 style-local-469-c11 position-relative\"><!----><!----> <span>REGRAS<\/span><\/a>\n                    <\/span>\n                  <\/div>\n                <\/div>\n              <\/div>\n            <\/div>\n          <\/div>\n          <div class=\"h-column h-column-container d-flex h-col-lg-auto h-col-md-auto h-col-auto style-644-outer style-local-469-c12-outer\">\n            <div data-colibri-id=\"469-c12\" class=\"d-flex h-flex-basis h-column__inner h-px-lg-2 h-px-md-2 h-px-2 v-inner-lg-2 v-inner-md-2 v-inner-2 style-644 style-local-469-c12 position-relative\">\n              <!---->\n              <!---->\n              <div class=\"w-100 h-y-container h-column__content h-column__v-align flex-basis-100 align-self-lg-start align-self-md-start align-self-start\">\n                <!---->\n                <div data-colibri-id=\"469-c13\" class=\"h-text h-text-component style-650 style-local-469-c13 position-relative h-element\">\n                  <!---->\n                  <!---->\n                  <div class=\"\">\n                    <p>Valorant<\/p>\n                  <\/div>\n                <\/div>\n                <div data-colibri-id=\"469-c14\" class=\"d-block style-646 style-local-469-c14 position-relative h-element\">\n                  <!---->\n                  <div class=\"h-image__frame-container-outer\">\n                    <div class=\"h-image__frame-container\">\n                      <!---->\n                      <!---->\n                      <img decoding=\"async\" width=\"2560\" height=\"1707\" src=\"https:\/\/digicomhub.com.br\/wp-content\/uploads\/2026\/03\/DCXP-2024-@opedrovictor__-8999-scaled.jpg\" class=\"wp-image-545 style-646-image style-local-469-c14-image\" alt=\"\" srcset=\"https:\/\/digicomhub.com.br\/wp-content\/uploads\/2026\/03\/DCXP-2024-@opedrovictor__-8999-scaled.jpg 2560w, https:\/\/digicomhub.com.br\/wp-content\/uploads\/2026\/03\/DCXP-2024-@opedrovictor__-8999-300x200.jpg 300w, https:\/\/digicomhub.com.br\/wp-content\/uploads\/2026\/03\/DCXP-2024-@opedrovictor__-8999-1024x683.jpg 1024w, https:\/\/digicomhub.com.br\/wp-content\/uploads\/2026\/03\/DCXP-2024-@opedrovictor__-8999-768x512.jpg 768w, https:\/\/digicomhub.com.br\/wp-content\/uploads\/2026\/03\/DCXP-2024-@opedrovictor__-8999-1536x1024.jpg 1536w, https:\/\/digicomhub.com.br\/wp-content\/uploads\/2026\/03\/DCXP-2024-@opedrovictor__-8999-2048x1365.jpg 2048w\" sizes=\"(max-width: 2560px) 100vw, 2560px\" \/>\n                      <div class=\"h-image__frame h-hide-lg h-hide-md h-hide-sm style-646-frameImage style-local-469-c14-frameImage\"><\/div>\n                    <\/div>\n                  <\/div>\n                <\/div>\n                <div data-colibri-id=\"469-c15\" class=\"h-text h-text-component style-648 style-local-469-c15 position-relative h-element\">\n                  <!---->\n                  <!---->\n                  <div class=\"\">\n                    <p><span style=\"color: rgb(70, 112, 127); font-family: &quot;Open Sans&quot;; font-size: 16px; font-weight: 400;\">S\u00c9RIE A &#8211; LPM &#8211; DATAS:<\/span>\n                      <br>Abril:\n                      <br>26 (Domingo)\n                      <br><span style=\"color: rgb(70, 112, 127); font-family: &quot;Open Sans&quot;; font-size: 16px; font-weight: 400;\">A partir das 13h00<\/span>\n                      <br>\n                      <br>Inscri\u00e7\u00e3o: R$20,00 por jogador<\/p>\n                  <\/div>\n                <\/div>\n                <div data-colibri-id=\"469-c16\" class=\"h-x-container style-653 style-local-469-c16 position-relative h-element\">\n                  <!---->\n                  <div class=\"h-x-container-inner style-dynamic-469-c16-group style-653-spacing style-local-469-c16-spacing\"><span class=\"h-button__outer style-654-outer style-local-469-c17-outer d-inline-flex h-element\"><a h-use-smooth-scroll=\"true\" href=\"https:\/\/usuario.digicomhub.com.br\/campeonatos\/publico\/11bb5bc0-cc69-463e-8755-c655b635eb93\"  data-colibri-id=\"469-c17\" class=\"d-flex w-100 align-items-center h-button justify-content-lg-center justify-content-md-center justify-content-center style-654 style-local-469-c17 position-relative\"><!----><!----> <span>INSCREVA-SE<\/span><\/a>\n                    <\/span>\n                  <\/div>\n                <\/div>\n                <div data-colibri-id=\"469-c18\" class=\"h-x-container style-657 style-local-469-c18 position-relative h-element\">\n                  <!---->\n                  <div class=\"h-x-container-inner style-dynamic-469-c18-group style-657-spacing style-local-469-c18-spacing\"><span class=\"h-button__outer style-658-outer style-local-469-c19-outer d-inline-flex h-element\"><a h-use-smooth-scroll=\"true\" href=\"https:\/\/docs.google.com\/presentation\/d\/1cYik-vTdMdaQRDAM7gfYJHrhLZynUr9M-02-Aslp7fQ\/edit?usp=sharing\"  data-colibri-id=\"469-c19\" class=\"d-flex w-100 align-items-center h-button justify-content-lg-center justify-content-md-center justify-content-center style-658 style-local-469-c19 position-relative\"><!----><!----> <span>REGRAS<\/span><\/a>\n                    <\/span>\n                  <\/div>\n                <\/div>\n              <\/div>\n            <\/div>\n          <\/div>\n          <div class=\"h-column h-column-container d-flex h-col-lg-auto h-col-md-auto h-col-auto style-679-outer style-local-469-c20-outer\">\n            <div data-colibri-id=\"469-c20\" class=\"d-flex h-flex-basis h-column__inner h-px-lg-2 h-px-md-2 h-px-2 v-inner-lg-2 v-inner-md-2 v-inner-2 style-679 style-local-469-c20 position-relative\">\n              <!---->\n              <!---->\n              <div class=\"w-100 h-y-container h-column__content h-column__v-align flex-basis-100 align-self-lg-start align-self-md-start align-self-start\">\n                <!---->\n                <div data-colibri-id=\"469-c21\" class=\"h-text h-text-component style-681 style-local-469-c21 position-relative h-element\">\n                  <!---->\n                  <!---->\n                  <div class=\"\">\n                    <p>Fighting Games<\/p>\n                  <\/div>\n                <\/div>\n                <div data-colibri-id=\"469-c22\" class=\"d-block style-680 style-local-469-c22 position-relative h-element\">\n                  <!---->\n                  <div class=\"h-image__frame-container-outer\">\n                    <div class=\"h-image__frame-container\">\n                      <!---->\n                      <!---->\n                      <img decoding=\"async\" width=\"1078\" height=\"826\" src=\"https:\/\/digicomhub.com.br\/wp-content\/uploads\/2026\/03\/cropped-Roxo-e-Azul-Neon-Moderno-Ofertas-Relampago-Post-para-Instagram-2.png\" class=\"wp-image-536 style-680-image style-local-469-c22-image\" alt=\"\" srcset=\"https:\/\/digicomhub.com.br\/wp-content\/uploads\/2026\/03\/cropped-Roxo-e-Azul-Neon-Moderno-Ofertas-Relampago-Post-para-Instagram-2.png 1078w, https:\/\/digicomhub.com.br\/wp-content\/uploads\/2026\/03\/cropped-Roxo-e-Azul-Neon-Moderno-Ofertas-Relampago-Post-para-Instagram-2-300x230.png 300w, https:\/\/digicomhub.com.br\/wp-content\/uploads\/2026\/03\/cropped-Roxo-e-Azul-Neon-Moderno-Ofertas-Relampago-Post-para-Instagram-2-1024x785.png 1024w, https:\/\/digicomhub.com.br\/wp-content\/uploads\/2026\/03\/cropped-Roxo-e-Azul-Neon-Moderno-Ofertas-Relampago-Post-para-Instagram-2-768x588.png 768w\" sizes=\"(max-width: 1078px) 100vw, 1078px\" \/>\n                      <div class=\"h-image__frame h-hide-lg h-hide-md h-hide-sm style-680-frameImage style-local-469-c22-frameImage\"><\/div>\n                    <\/div>\n                  <\/div>\n                <\/div>\n                <div data-colibri-id=\"469-c23\" class=\"h-text h-text-component style-682 style-local-469-c23 position-relative h-element\">\n                  <!---->\n                  <!---->\n                  <div class=\"\">\n                    <p>S\u00c9RIE A &#8211; LPM &#8211; DATAS:\n                      <br>Abril: 05 e 19\n                      <br>Domingo dia 05:\n                      <br>Smash Bross: 13h\n                      <br>\n                      <br>Domingo dia 19:\n                      <br><span style=\"font-weight: 400; font-size: 16px; font-family: &quot;Open Sans&quot;; color: rgb(70, 112, 127);\">Street Fighter: 13h<\/span>\n                      <br>Tekken: 15h\n                      <br>\n                      <br>Inscri\u00e7\u00f5es:\n                      <br>1 modalidade: R$25,00\n                      <br>2 modalidades: R$40,00\n                      <br>3 modalidades: R$50,00\n                      <br>\n                    <\/p>\n                  <\/div>\n                <\/div>\n                <div data-colibri-id=\"469-c24\" class=\"h-x-container style-683 style-local-469-c24 position-relative h-element\">\n                  <!---->\n                  <div class=\"h-x-container-inner style-dynamic-469-c24-group style-683-spacing style-local-469-c24-spacing\"><span class=\"h-button__outer style-684-outer style-local-469-c25-outer d-inline-flex h-element\"><a h-use-smooth-scroll=\"true\" href=\"https:\/\/www.start.gg\/tournament\/liga-digicom-etapa-2\/details\"  data-colibri-id=\"469-c25\" class=\"d-flex w-100 align-items-center h-button justify-content-lg-center justify-content-md-center justify-content-center style-684 style-local-469-c25 position-relative\"><!----><!----> <span>INSCRI\u00c7\u00d5ES\/REGRAS<\/span><\/a>\n                    <\/span>\n                  <\/div>\n                <\/div>\n              <\/div>\n            <\/div>\n          <\/div>\n        <\/div>\n      <\/div>\n    <\/div>\n  <\/div>\n<\/div>","protected":false},"excerpt":{"rendered":"<p>League of Legends S\u00c9RIE A &#8211; LPM &#8211; DATAS: Abril: 25 (S\u00e1bado) A partir das 13h00 Inscri\u00e7\u00e3o: R$20,00 por jogador. INSCREVA-SE REGRAS Valorant S\u00c9RIE A &#8211; LPM &#8211; DATAS: Abril: 26 (Domingo) A partir das 13h00 Inscri\u00e7\u00e3o: R$20,00 por jogador INSCREVA-SE REGRAS Fighting Games S\u00c9RIE A &#8211; LPM &#8211; DATAS: Abril: 05 e 19 Domingo [&hellip;]<\/p>\n","protected":false},"author":1,"featured_media":0,"parent":0,"menu_order":0,"comment_status":"closed","ping_status":"closed","template":"page-templates\/full-width-page.php","meta":{"footnotes":""},"class_list":["post-469","page","type-page","status-publish","hentry"],"_links":{"self":[{"href":"https:\/\/digicomhub.com.br\/index.php\/wp-json\/wp\/v2\/pages\/469","targetHints":{"allow":["GET"]}}],"collection":[{"href":"https:\/\/digicomhub.com.br\/index.php\/wp-json\/wp\/v2\/pages"}],"about":[{"href":"https:\/\/digicomhub.com.br\/index.php\/wp-json\/wp\/v2\/types\/page"}],"author":[{"embeddable":true,"href":"https:\/\/digicomhub.com.br\/index.php\/wp-json\/wp\/v2\/users\/1"}],"replies":[{"embeddable":true,"href":"https:\/\/digicomhub.com.br\/index.php\/wp-json\/wp\/v2\/comments?post=469"}],"version-history":[{"count":12,"href":"https:\/\/digicomhub.com.br\/index.php\/wp-json\/wp\/v2\/pages\/469\/revisions"}],"predecessor-version":[{"id":568,"href":"https:\/\/digicomhub.com.br\/index.php\/wp-json\/wp\/v2\/pages\/469\/revisions\/568"}],"wp:attachment":[{"href":"https:\/\/digicomhub.com.br\/index.php\/wp-json\/wp\/v2\/media?parent=469"}],"curies":[{"name":"wp","href":"https:\/\/api.w.org\/{rel}","templated":true}]}}