{"id":162,"date":"2026-01-25T22:46:38","date_gmt":"2026-01-26T01:46:38","guid":{"rendered":"https:\/\/digicomhub.com.br\/?page_id=162"},"modified":"2026-01-30T12:21:46","modified_gmt":"2026-01-30T15:21:46","slug":"planos-pacotes","status":"publish","type":"page","link":"https:\/\/digicomhub.com.br\/index.php\/planos-pacotes\/","title":{"rendered":"PLANOS\/PACOTES"},"content":{"rendered":"<div data-colibri-id=\"162-c1\" class=\"style-563 style-local-162-c1 position-relative\">\n  <!---->\n  <div data-colibri-component=\"section\" data-colibri-id=\"162-c2\" id=\"custom\" class=\"h-section h-section-global-spacing d-flex align-items-lg-center align-items-md-center align-items-center style-564 style-local-162-c2 position-relative\">\n    <!---->\n    <!---->\n    <div class=\"h-section-grid-container h-section-boxed-container\">\n      <!---->\n      <div data-colibri-id=\"162-c3\" class=\"h-row-container gutters-row-lg-2 gutters-row-md-2 gutters-row-0 gutters-row-v-lg-2 gutters-row-v-md-2 gutters-row-v-2 style-570 style-local-162-c3 position-relative\">\n        <!---->\n        <div class=\"h-row justify-content-lg-center justify-content-md-center justify-content-center align-items-lg-stretch align-items-md-stretch align-items-stretch gutters-col-lg-2 gutters-col-md-2 gutters-col-0 gutters-col-v-lg-2 gutters-col-v-md-2 gutters-col-v-2\">\n          <!---->\n          <div class=\"h-column h-column-container d-flex h-col-lg-auto h-col-md-auto h-col-auto style-571-outer style-local-162-c4-outer\">\n            <div data-colibri-id=\"162-c4\" class=\"d-flex h-flex-basis h-column__inner h-px-lg-2 h-px-md-2 h-px-2 v-inner-lg-2 v-inner-md-2 v-inner-2 style-571 style-local-162-c4 position-relative\">\n              <!---->\n              <!---->\n              <div class=\"w-100 h-y-container h-column__content h-column__v-align flex-basis-100 align-self-lg-start align-self-md-start align-self-start\">\n                <!---->\n                <div data-colibri-id=\"162-c5\" class=\"h-global-transition-all h-heading style-572 style-local-162-c5 position-relative h-element\">\n                  <!---->\n                  <div class=\"h-heading__outer style-572 style-local-162-c5\">\n                    <!---->\n                    <!---->\n                    <h1 class=\"\">Planos mensais\/trismetrais<\/h1>\n                  <\/div>\n                <\/div>\n              <\/div>\n            <\/div>\n          <\/div>\n        <\/div>\n      <\/div>\n      <div data-colibri-id=\"162-c6\" class=\"h-row-container gutters-row-lg-2 gutters-row-md-2 gutters-row-0 gutters-row-v-lg-2 gutters-row-v-md-2 gutters-row-v-2 style-567 style-local-162-c6 position-relative\">\n        <!---->\n        <div class=\"h-row justify-content-lg-center justify-content-md-center justify-content-center align-items-lg-stretch align-items-md-stretch align-items-stretch gutters-col-lg-2 gutters-col-md-2 gutters-col-0 gutters-col-v-lg-2 gutters-col-v-md-2 gutters-col-v-2\">\n          <!---->\n          <div class=\"h-column h-column-container d-flex h-col-lg-auto h-col-md-auto h-col-auto style-568-outer style-local-162-c7-outer\">\n            <div data-colibri-id=\"162-c7\" class=\"d-flex h-flex-basis h-column__inner h-px-lg-2 h-px-md-2 h-px-2 v-inner-lg-2 v-inner-md-2 v-inner-2 style-568 style-local-162-c7 position-relative\">\n              <!---->\n              <!---->\n              <div class=\"w-100 h-y-container h-column__content h-column__v-align flex-basis-100 align-self-lg-start align-self-md-start align-self-start\">\n                <!---->\n                <div data-colibri-id=\"162-c8\" class=\"h-text h-text-component style-569 style-local-162-c8 position-relative h-element\">\n                  <!---->\n                  <!---->\n                  <div class=\"\">\n                    <p>Os planos do <strong>HUB<\/strong> podem ser <strong>individuais ou para times<\/strong>&nbsp;(v\u00e1lidos para <strong>at\u00e9 5 jogadores<\/strong>.) Ap\u00f3s realizar o cadastro, voc\u00ea pode escolher o plano que melhor se encaixa com voc\u00ea ou com\n                      sua equipe, sendo poss\u00edvel contratar o plano <strong>mensal ou trimestral<\/strong>.<\/p>\n                    <p>No <strong>plano trimestral<\/strong>, al\u00e9m de economizar, voc\u00ea j\u00e1 garante <strong>vaga nos campeonatos por 3 meses consecutivos<\/strong>, aumentando suas chances de <strong>acumular pontua\u00e7\u00e3o<\/strong> e se <strong>classificar para os grandes eventos<\/strong>.<\/p>\n                    <p>Depois de concluir o cadastro, selecionar o plano ideal e efetuar o pagamento, seu acesso ao <strong>sistema de agendamentos<\/strong> ser\u00e1 liberado, permitindo marcar <strong>treinos, assessorias e a se inscrever em competi\u00e7\u00f5es das Ligas estaduais e nacionais, de acordo com as modalidades.<\/strong>                      Os demais servi\u00e7os do HUB, como <strong>fotos e v\u00eddeos<\/strong>, s\u00e3o agendados diretamente pelo <strong>WhatsApp oficial do HUB<\/strong>, garantindo agilidade e atendimento personalizado.\n                      <br>\n                      <br>SERVI\u00c7OS:\n                      <br>1. Competi\u00e7\u00f5es semanais, presenciais e eventos exclusivos para&nbsp;participantes do HUB (Ranqueamento de pontua\u00e7\u00e3o para participar de nossos grandes eventos presenciais, com premia\u00e7\u00e3o em dinheiro, m\u00eddia e experi\u00eancia Digicom)\n                      <br>\n                    <\/p>\n                    <p>2. Acesso ao HUB para treinos individual ou em equipe (de acordo com a disponibilidade de hor\u00e1rios de agendamento)<\/p>\n                    <p>3. Assessoria de posicionamento de imagem<\/p>\n                    <p>4. 5 camisas personalizadas para a equipe (V\u00e1lido apenas na primeira aquisi\u00e7\u00e3o, seja no plano mensal ou trimestral)<\/p>\n                    <p>5. Fotos e v\u00eddeos comerciais para a equipe (uma vez por m\u00eas)<\/p>\n                    <p>6. Assessoria jur\u00eddica relacionado a contratos de times e atletas<\/p>\n                    <p>7. Acesso a seletiva para receber psic\u00f3logo esportivo<\/p>\n                    <p>8. Assessoria de abertura de MEI<\/p>\n                    <p>9. Mentoria individual de avalia\u00e7\u00e3o profissional, para escalar no cen\u00e1rio<\/p>\n                    <p>10. Mentoria coletiva de mindset empreendedor\n                      <br>\n                      <br><strong style=\"font-weight: 700;\">11. B\u00f4nus de valor incalcul\u00e1vel: Acesso a momentos de network nacional, constru\u00eddo pela Digicom ao longo de 10 anos (De acordo com disponibilidade)<\/strong><\/p>\n                  <\/div>\n                <\/div>\n                <div data-colibri-id=\"162-c9\" class=\"h-x-container style-579 style-local-162-c9 position-relative h-element\">\n                  <!---->\n                  <div class=\"h-x-container-inner style-dynamic-162-c9-group style-579-spacing style-local-162-c9-spacing\"><span class=\"h-button__outer style-580-outer style-local-162-c10-outer d-inline-flex h-element\"><a h-use-smooth-scroll=\"true\" href=\"https:\/\/digicomhub.com.br\/index.php\/competicoes\/\"  data-colibri-id=\"162-c10\" class=\"d-flex w-100 align-items-center h-button justify-content-lg-center justify-content-md-center justify-content-center style-580 style-local-162-c10 position-relative\"><!----><!----> <span>Conhe\u00e7a as Ligas\/Competi\u00e7\u00f5es dispon\u00edveis<\/span><\/a>\n                    <\/span>\n                  <\/div>\n                <\/div>\n                <div data-colibri-id=\"162-c11\" class=\"h-x-container style-575 style-local-162-c11 position-relative h-element\">\n                  <!---->\n                  <div class=\"h-x-container-inner style-dynamic-162-c11-group style-575-spacing style-local-162-c11-spacing\"><span class=\"h-button__outer style-576-outer style-local-162-c12-outer d-inline-flex h-element\"><a h-use-smooth-scroll=\"true\" href=\"https:\/\/usuario.digicomhub.com.br\/register\"  data-colibri-id=\"162-c12\" class=\"d-flex w-100 align-items-center h-button justify-content-lg-center justify-content-md-center justify-content-center style-576 style-local-162-c12 position-relative\"><!----><!----> <span>Fa\u00e7a seu cadastro e escolha seu plano<\/span><\/a>\n                    <\/span>\n                  <\/div>\n                <\/div>\n              <\/div>\n            <\/div>\n          <\/div>\n        <\/div>\n      <\/div>\n      <div data-colibri-id=\"162-c13\" class=\"h-row-container gutters-row-lg-2 gutters-row-md-2 gutters-row-0 gutters-row-v-lg-2 gutters-row-v-md-2 gutters-row-v-2 style-565 style-local-162-c13 position-relative\">\n        <!---->\n        <div class=\"h-row justify-content-lg-center justify-content-md-center justify-content-center align-items-lg-stretch align-items-md-stretch align-items-stretch gutters-col-lg-2 gutters-col-md-2 gutters-col-0 gutters-col-v-lg-2 gutters-col-v-md-2 gutters-col-v-2\">\n          <!---->\n          <div class=\"h-column h-column-container d-flex h-col-lg-auto h-col-md-auto h-col-auto style-566-outer style-local-162-c14-outer\">\n            <div data-colibri-id=\"162-c14\" class=\"d-flex h-flex-basis h-column__inner h-px-lg-2 h-px-md-2 h-px-2 v-inner-lg-2 v-inner-md-2 v-inner-2 style-566 style-local-162-c14 position-relative\">\n              <!---->\n              <!---->\n              <div class=\"w-100 h-y-container h-column__content h-column__v-align flex-basis-100 align-self-lg-start align-self-md-start align-self-start\">\n                <!---->\n                <div data-colibri-id=\"162-c15\" class=\"h-global-transition-all h-heading style-573 style-local-162-c15 position-relative h-element\">\n                  <!---->\n                  <div class=\"h-heading__outer style-573 style-local-162-c15\">\n                    <!---->\n                    <!---->\n                    <h1 class=\"\">Plano Escolar<\/h1>\n                  <\/div>\n                <\/div>\n                <div data-colibri-id=\"162-c16\" class=\"h-text h-text-component style-574 style-local-162-c16 position-relative h-element\">\n                  <!---->\n                  <!---->\n                  <div class=\"\">\n                    <p>O <strong>Plano Escolar<\/strong> \u00e9 espec\u00edfico para escolas que desejam dar um passo a mais no mundo da tecnologia e da inova\u00e7\u00e3o, utilizando os <strong>esportes eletr\u00f4nicos<\/strong> como ferramenta educacional. Por meio dele, a escola\n                      pode realizar <strong>jogos internos de eSports<\/strong>, promovendo integra\u00e7\u00e3o, engajamento e desenvolvimento de habilidades digitais entre os alunos.<\/p>\n                    <p>Al\u00e9m das competi\u00e7\u00f5es, o plano inclui um <strong>trabalho pedag\u00f3gico estruturado<\/strong>, alinhado aos objetivos educacionais da institui\u00e7\u00e3o, e conta com <strong>acompanhamento psicol\u00f3gico<\/strong>, garantindo um ambiente saud\u00e1vel,\n                      respons\u00e1vel e formativo para os estudantes. Dessa forma, os eSports passam a ser utilizados n\u00e3o apenas como competi\u00e7\u00e3o, mas como instrumento de <strong>aprendizado, cidadania digital e desenvolvimento socioemocional<\/strong>.\n                      <br>\n                      <br>Os esportes eletr\u00f4nicos nas escolas v\u00e3o muito al\u00e9m do jogo. Eles promovem:\n                      <br>\n                      <br>1. Trabalho em equipe e coopera\u00e7\u00e3o\n                      <br>2. Racioc\u00ednio l\u00f3gico e tomada de decis\u00e3o r\u00e1pida\n                      <br>3. Disciplina, foco e responsabilidade\n                      <br>4. Comunica\u00e7\u00e3o e lideran\u00e7a\n                      <br>5. Inclus\u00e3o digital e social\n                      <br>6. Aux\u00edlio psicol\u00f3gico, trabalhando emo\u00e7\u00f5es, autocontrole, frustra\u00e7\u00f5es, seguran\u00e7a digital, cidadania digital e sa\u00fade mental do alunos\n                      <br>7. Uso consciente e educativo da tecnologia\n                      <br>8. Engajamento dos alunos com o ambiente escolar\n                      <br>9. Prepara\u00e7\u00e3o para carreiras do futuro<\/p>\n                    <p><span style=\"color: rgb(70, 112, 127); font-family: &quot;Open Sans&quot;; font-size: 16px; font-weight: 400;\">Para adquirir esse plano \u00e9 necess\u00e1rio entrar em contato conosco para que seja personalizado de acordo com a realidade e necessidade de cada escola, assim como valores.<\/span><\/p>\n                  <\/div>\n                <\/div>\n                <div data-colibri-id=\"162-c17\" class=\"h-x-container style-577 style-local-162-c17 position-relative h-element\">\n                  <!---->\n                  <div class=\"h-x-container-inner style-dynamic-162-c17-group style-577-spacing style-local-162-c17-spacing\"><span class=\"h-button__outer style-578-outer style-local-162-c18-outer d-inline-flex h-element\"><a h-use-smooth-scroll=\"true\" href=\"https:\/\/wa.me\/5584996989477?text=Gostaria%20de%20saber%20mais%20sobre%20o%20plano%20escolar\"  data-colibri-id=\"162-c18\" class=\"d-flex w-100 align-items-center h-button justify-content-lg-center justify-content-md-center justify-content-center style-578 style-local-162-c18 position-relative\"><!----><!----> <span>Entre em contato<\/span><\/a>\n                    <\/span>\n                  <\/div>\n                <\/div>\n              <\/div>\n            <\/div>\n          <\/div>\n        <\/div>\n      <\/div>\n    <\/div>\n  <\/div>\n<\/div>","protected":false},"excerpt":{"rendered":"<p>Planos mensais\/trismetrais Os planos do HUB podem ser individuais ou para times&nbsp;(v\u00e1lidos para at\u00e9 5 jogadores.) Ap\u00f3s realizar o cadastro, voc\u00ea pode escolher o plano que melhor se encaixa com voc\u00ea ou com sua equipe, sendo poss\u00edvel contratar o plano mensal ou trimestral. No plano trimestral, al\u00e9m de economizar, voc\u00ea j\u00e1 garante vaga nos campeonatos [&hellip;]<\/p>\n","protected":false},"author":1,"featured_media":0,"parent":0,"menu_order":0,"comment_status":"closed","ping_status":"closed","template":"page-templates\/full-width-page.php","meta":{"footnotes":""},"class_list":["post-162","page","type-page","status-publish","hentry"],"_links":{"self":[{"href":"https:\/\/digicomhub.com.br\/index.php\/wp-json\/wp\/v2\/pages\/162","targetHints":{"allow":["GET"]}}],"collection":[{"href":"https:\/\/digicomhub.com.br\/index.php\/wp-json\/wp\/v2\/pages"}],"about":[{"href":"https:\/\/digicomhub.com.br\/index.php\/wp-json\/wp\/v2\/types\/page"}],"author":[{"embeddable":true,"href":"https:\/\/digicomhub.com.br\/index.php\/wp-json\/wp\/v2\/users\/1"}],"replies":[{"embeddable":true,"href":"https:\/\/digicomhub.com.br\/index.php\/wp-json\/wp\/v2\/comments?post=162"}],"version-history":[{"count":10,"href":"https:\/\/digicomhub.com.br\/index.php\/wp-json\/wp\/v2\/pages\/162\/revisions"}],"predecessor-version":[{"id":417,"href":"https:\/\/digicomhub.com.br\/index.php\/wp-json\/wp\/v2\/pages\/162\/revisions\/417"}],"wp:attachment":[{"href":"https:\/\/digicomhub.com.br\/index.php\/wp-json\/wp\/v2\/media?parent=162"}],"curies":[{"name":"wp","href":"https:\/\/api.w.org\/{rel}","templated":true}]}}